{"id":52,"date":"2026-05-10T03:02:00","date_gmt":"2026-05-10T03:02:00","guid":{"rendered":"https:\/\/www.samsunilkyardim.com\/?page_id=52"},"modified":"2026-05-10T19:30:08","modified_gmt":"2026-05-10T19:30:08","slug":"ilkyardim-sorulari","status":"publish","type":"page","link":"http:\/\/www.samsunilkyardim.com\/index.php\/ilkyardim-sorulari\/","title":{"rendered":""},"content":{"rendered":"\n<ul class=\"wp-block-list\">\n<li><strong><a href=\"http:\/\/www.samsunilkyardim.com\/wp-content\/uploads\/2026\/05\/ACIL-SAGLIK-HIZMETLERI-GENEL-MUDURLUGU-ILK-YARDIM-EGITIM-KITABI.pdf\">\u0130LK YARDIM E\u011e\u0130T\u0130M K\u0130TABI<\/a><\/strong><\/li>\n\n\n\n<li><strong><a href=\"http:\/\/www.samsunilkyardim.com\/wp-content\/uploads\/2026\/05\/genel-ilkyardim-ilkeleri.pdf\">GENEL \u0130LKYARDIM \u0130LKELER\u0130<\/a><\/strong><\/li>\n\n\n\n<li><strong><a href=\"http:\/\/www.samsunilkyardim.com\/wp-content\/uploads\/2026\/05\/HASTA-YARALININ-VE-OLAY-YERININ-DEGERLENDIRILMESI.pdf\">HASTA\/YARALININ VE OLAY YER\u0130N\u0130N DE\u011eERLEND\u0130R\u0130LMES\u0130<\/a><\/strong><\/li>\n\n\n\n<li><strong><a href=\"http:\/\/www.samsunilkyardim.com\/wp-content\/uploads\/2026\/05\/TEMEL-YASAM-DESTEGI.pdf\">TEMEL YA\u015eAM DESTE\u011e\u0130<\/a><\/strong><\/li>\n\n\n\n<li><strong><a href=\"http:\/\/www.samsunilkyardim.com\/wp-content\/uploads\/2026\/05\/KANAMALARDA-ILKYARDIM.pdf\">KANAMALARDA \u0130LKYARDIM<\/a><\/strong><\/li>\n\n\n\n<li><strong><a href=\"http:\/\/www.samsunilkyardim.com\/wp-content\/uploads\/2026\/05\/YARALANMALAR.pdf\">YARALANMALARDA \u0130LKYARDIM<\/a><\/strong><\/li>\n\n\n\n<li><strong><a href=\"http:\/\/www.samsunilkyardim.com\/wp-content\/uploads\/2026\/05\/YANIK-DONMA-VE-SICAK-CARPMASINDA-ILKYARDIM.pdf\">YANIK, DONMA VE SICAK \u00c7ARPMASINDA \u0130LKYARDIM<\/a><\/strong><\/li>\n\n\n\n<li><strong><a href=\"http:\/\/www.samsunilkyardim.com\/wp-content\/uploads\/2026\/05\/KIRIK-CIKIK-BURKULMALARDA-ILKYARDIM.pdf\">KIRIK, \u00c7IKIK VE BURKULMALARDA \u0130LKYARDIM<\/a><\/strong><\/li>\n\n\n\n<li><strong><a href=\"http:\/\/www.samsunilkyardim.com\/wp-content\/uploads\/2026\/05\/BILINC-BOZUKLUKLARI.pdf\">B\u0130L\u0130N\u00c7 BOZUKLUKLARINDA \u0130LKYARDIM<\/a><\/strong><\/li>\n\n\n\n<li><strong><a href=\"http:\/\/www.samsunilkyardim.com\/wp-content\/uploads\/2026\/05\/ZEHIRLENMELERDE-ILKYARDIM.pdf\">ZEH\u0130RLENMELERDE \u0130LKYARDIM<\/a><\/strong><\/li>\n\n\n\n<li><strong><a href=\"http:\/\/www.samsunilkyardim.com\/wp-content\/uploads\/2026\/05\/HAYVAN-ISIRMALARINDA-ILKYARDIM.pdf\">HAYVAN ISIRMALARINDA \u0130LKYARDIM<\/a><\/strong><\/li>\n\n\n\n<li><strong><a href=\"http:\/\/www.samsunilkyardim.com\/wp-content\/uploads\/2026\/05\/GOZ-KULAK-BURUNA-YABANCI-CISIM-KACMASI-ILKYARDIM.pdf\">G\u00d6Z, KULAK VE BURUNA YABANCI C\u0130S\u0130M KA\u00c7MASINDA \u0130LKYARDIM<\/a><\/strong><\/li>\n\n\n\n<li><strong><a href=\"http:\/\/www.samsunilkyardim.com\/wp-content\/uploads\/2026\/05\/BOGULMALAR.pdf\">BO\u011eULMALARDA \u0130LKYARDIM<\/a><\/strong><\/li>\n\n\n\n<li><strong><a href=\"http:\/\/www.samsunilkyardim.com\/wp-content\/uploads\/2026\/05\/HASTA-VE-YARALI-TASIMA-TEKNIKLERI.pdf\">HASTA VE YARALI TA\u015eIMA TEKN\u0130KLER\u0130<\/a><\/strong><\/li>\n<\/ul>\n\n\n\n<p><\/p>\n","protected":false},"excerpt":{"rendered":"","protected":false},"author":1,"featured_media":0,"parent":0,"menu_order":0,"comment_status":"closed","ping_status":"closed","template":"","meta":{"footnotes":""},"class_list":["post-52","page","type-page","status-publish","hentry"],"blocksy_meta":{"background":{"background_type":"color","background_pattern":"type-1","background_image":{"attachment_id":null,"x":0,"y":0},"gradient":"linear-gradient(135deg,rgba(6,147,227,1) 0%,rgb(155,81,224) 100%)","background_repeat":"repeat","background_size":"auto","background_attachment":"scroll","patternColor":{"default":{"color":"#e5e7ea"}},"overlayColor":{"default":{"color":"CT_CSS_SKIP_RULE"}},"backgroundColor":{"default":{"color":"#ffffff"}}},"styles_descriptor":{"styles":{"desktop":"[data-prefix=\"single_page\"] {background-color:#ffffff;background-image:none;}","tablet":"","mobile":""},"google_fonts":[],"version":6}},"_links":{"self":[{"href":"http:\/\/www.samsunilkyardim.com\/index.php\/wp-json\/wp\/v2\/pages\/52","targetHints":{"allow":["GET"]}}],"collection":[{"href":"http:\/\/www.samsunilkyardim.com\/index.php\/wp-json\/wp\/v2\/pages"}],"about":[{"href":"http:\/\/www.samsunilkyardim.com\/index.php\/wp-json\/wp\/v2\/types\/page"}],"author":[{"embeddable":true,"href":"http:\/\/www.samsunilkyardim.com\/index.php\/wp-json\/wp\/v2\/users\/1"}],"replies":[{"embeddable":true,"href":"http:\/\/www.samsunilkyardim.com\/index.php\/wp-json\/wp\/v2\/comments?post=52"}],"version-history":[{"count":5,"href":"http:\/\/www.samsunilkyardim.com\/index.php\/wp-json\/wp\/v2\/pages\/52\/revisions"}],"predecessor-version":[{"id":152,"href":"http:\/\/www.samsunilkyardim.com\/index.php\/wp-json\/wp\/v2\/pages\/52\/revisions\/152"}],"wp:attachment":[{"href":"http:\/\/www.samsunilkyardim.com\/index.php\/wp-json\/wp\/v2\/media?parent=52"}],"curies":[{"name":"wp","href":"https:\/\/api.w.org\/{rel}","templated":true}]}}