{"id":58,"date":"2026-05-10T03:19:35","date_gmt":"2026-05-10T03:19:35","guid":{"rendered":"https:\/\/www.samsunilkyardim.com\/?page_id=58"},"modified":"2026-05-10T03:19:35","modified_gmt":"2026-05-10T03:19:35","slug":"ilkyardim-egitimi","status":"publish","type":"page","link":"http:\/\/www.samsunilkyardim.com\/index.php\/ilkyardim-egitimi\/","title":{"rendered":"\u0130lkyard\u0131m e\u011fitimi"},"content":{"rendered":"\n<p>E\u011fitim merkezimiz, Sa\u011fl\u0131k Bakanl\u0131\u011f\u0131 onayl\u0131 sertifika vermektedir.<\/p>\n\n\n\n<p>Talep halinde ve yer g\u00f6sterilirse, sertifikaland\u0131r\u0131lacak personelin \u00e7al\u0131\u015ft\u0131\u011f\u0131 kurum ve kurulu\u015flarda da e\u011fitim verilebilmektedir.<\/p>\n\n\n\n<p>Sa\u011fl\u0131k Bakanl\u0131\u011f\u0131 sertifikal\u0131 e\u011fitimcilerimizce uygulanacak 16 saatlik teorik ve uygulamal\u0131 e\u011fitim sonunda kurumumuzun Sa\u011fl\u0131k Bakanl\u0131\u011f\u0131 yetkililerinin g\u00f6zetiminde yapaca\u011f\u0131 teorik ve pratik s\u0131navlarda ba\u015far\u0131l\u0131 olan herkes, SA\u011eLIK BAKANLI\u011eI ONAYLI SERT\u0130F\u0130KA SAH\u0130B\u0130 \u0130LKYARDIMCI olabilir.<\/p>\n\n\n\n<p>E\u011fitim sonunda yap\u0131lan s\u0131navda ba\u015far\u0131l\u0131 olanlara;<\/p>\n\n\n\n<p>\u2013 \u0130lkyard\u0131mc\u0131 sertifikas\u0131,<\/p>\n\n\n\n<p>\u2013 \u0130lkyard\u0131mc\u0131 kimlik kart\u0131 verilmektedir.<\/p>\n\n\n\n<p>\u0130LK YARDIM NED\u0130R ?<br>Ani olarak ortaya \u00e7\u0131kan hastal\u0131k veya yaralanma durumunda; ki\u015finin hayat\u0131n\u0131 korumak, sa\u011fl\u0131k durumunun k\u00f6t\u00fcle\u015fmesini \u00f6nlemek ve iyile\u015fmesine destek olmak amac\u0131yla olay yerindeki mevcut imk\u00e2nlarla yap\u0131lan h\u0131zl\u0131 ve etkili m\u00fcdahalelerdir (\u0130lkyard\u0131m Y\u00f6netmeli\u011fi)<\/p>\n\n\n\n<p>\u00d6ncelikli ama\u00e7lar\u0131:<\/p>\n\n\n\n<p>1.Hayati tehlikenin ortadan kald\u0131rmas\u0131,<\/p>\n\n\n\n<p>2.Ya\u015famsal fonksiyonlar\u0131n s\u00fcrd\u00fcr\u00fclmesinin sa\u011flanmas\u0131,<\/p>\n\n\n\n<p>3.Hasta\/yaral\u0131n\u0131n durumunun k\u00f6t\u00fcle\u015fmesinin \u00f6nlenmesi,<\/p>\n\n\n\n<p>4.\u0130yile\u015fmenin kolayla\u015ft\u0131r\u0131lmas\u0131.<\/p>\n\n\n\n<p>E\u011e\u0130T\u0130M M\u00dcFREDATI:<\/p>\n\n\n\n<p>GENEL \u0130LK YARDIM \u0130LKELER\u0130<\/p>\n\n\n\n<p>\u0130lkyard\u0131m nedir?.<br>Acil tedavi nedir?<br>\u0130lkyard\u0131mc\u0131 kimdir?<br>\u0130lkyard\u0131m ve acil tedavi aras\u0131ndaki fark nedir?<br>\u0130lkyard\u0131m\u0131n \u00f6ncelikli ama\u00e7lar\u0131 nelerdir?<br>\u0130lkyard\u0131m\u0131n temel uygulamalar\u0131 nelerdir?<br>112\u2019nin aranmas\u0131 s\u0131ras\u0131nda nelere dikkat edilmelidir?<br>\u0130lkyard\u0131mc\u0131n\u0131n m\u00fcdahale ile ilgili \u00f6ncelikli yapmas\u0131 gerekenler nelerdir?<br>\u0130lkyard\u0131mc\u0131n\u0131n \u00f6zellikleri nas\u0131l olmal\u0131d\u0131r?<br>Hayat kurtarma zinciri nedir?<br>\u0130lkyard\u0131mc\u0131n\u0131n ABC\u2019si nedir?<\/p>\n\n\n\n<p>HASTA\/YARALININ VE OLAY YER\u0130N\u0130N DE\u011eERLEND\u0130R\u0130LMES\u0130<\/p>\n\n\n\n<p>\u0130lkyard\u0131mc\u0131n\u0131n bilmesi gereken ve v\u00fccudu olu\u015fturan sistemler nelerdir?<br>Ya\u015fam bulgular\u0131 ile ilgili \u00f6nemli g\u00f6stergeler nelerdir?<br>Bilin\u00e7 durumunun de\u011ferlendirilmesi<br>Solunumun de\u011ferlendirilmesi<br>Kan bas\u0131nc\u0131n\u0131n de\u011ferlendirilmesi<br>Nab\u0131z de\u011ferlendirilmesi<br>V\u00fccutta nab\u0131z al\u0131nabilen b\u00f6lgeler nelerdir?<br>V\u00fccut Is\u0131s\u0131n\u0131n De\u011ferlendirilmesi<br>Hasta\/yaral\u0131n\u0131n de\u011ferlendirilmesinin amac\u0131 nedir?<br>Hasta\/yaral\u0131n\u0131n ilk de\u011ferlendirilme a\u015famalar\u0131 nelerdir?<br>Hasta\/yaral\u0131n\u0131n ikinci de\u011ferlendirmesi nas\u0131l olmal\u0131d\u0131r?<br>Olay yerini de\u011ferlendirmenin amac\u0131 nedir?<br>Olay yerinin de\u011ferlendirilmesinde yap\u0131lacak i\u015fler nelerdir?<\/p>\n\n\n\n<p>TEMEL YA\u015eAM DESTE\u011e\u0130<\/p>\n\n\n\n<p>Solunum ve Kalp durmas\u0131 nedir?<br>Temel Ya\u015fam Deste\u011fi nedir?<br>Havayolunun A\u00e7\u0131lmas\u0131 (Ba\u015f-\u00c7ene Pozisyonu Nas\u0131l Verilir?)<br>Yapay solunum nas\u0131l yap\u0131l\u0131r?<br>Yeti\u015fkinlerde d\u0131\u015f kalp masaj\u0131 ve yapay solunumun birlikte uygulanmas\u0131<br>\u00c7ocuklarda (1-8 ya\u015f) d\u0131\u015f kalp masaj\u0131 ve yapay solunumun uygulanmas\u0131<br>Bebeklerde (0-12 ay) d\u0131\u015f kalp masaj\u0131 ve yapay solunumun uygulanmas\u0131<br>Hava yolu t\u0131kan\u0131kl\u0131\u011f\u0131 nedir?<br>Hava yolu t\u0131kan\u0131kl\u0131\u011f\u0131n\u0131n belirtileri nelerdir?<br>Bilinci yerinde, tam t\u0131kan\u0131k olan ki\u015filerde Heimlich Manevras\u0131 nas\u0131l uygulan\u0131r?<br>Bilincini kaybetmi\u015f (bilinci kapal\u0131) ki\u015filerde Heimlich Manevras\u0131<br>Bebeklerde tam t\u0131kan\u0131kl\u0131k olan hava yolunun a\u00e7\u0131lmas\u0131<br>K\u0131smi t\u0131kan\u0131kl\u0131k olan ki\u015filerde ilkyard\u0131m nas\u0131l uygulan\u0131r?<\/p>\n\n\n\n<p>KANAMALARDA \u0130LK YARDIM<\/p>\n\n\n\n<p>Kanama nedir?<br>Ka\u00e7 \u00e7e\u015fit kanama vard\u0131r?<br>V\u00fccutta bask\u0131 uygulanacak noktalar nelerdir?<br>Kanamalarda ilkyard\u0131m uygulamalar\u0131 nelerdir?<br>Hangi durumlarda bo\u011fucu sarg\u0131 (turnike) uygulanmal\u0131d\u0131r?<br>Turnike uygulanmas\u0131nda dikkat edilecek hususlar nelerdir?<br>Bo\u011fucu sarg\u0131 (turnike) uygulama tekni\u011fi<br>Uzuv kopmas\u0131 durumunda ilkyard\u0131m uygulama tekni\u011fi<br>\u015eok nedir?<br>Ka\u00e7 \u00e7e\u015fit \u015fok vard\u0131r?<br>\u015eok belirtileri nelerdir?<br>\u015eokta ilkyard\u0131m uygulamalar\u0131 nelerdir?<br>\u015eok pozisyonu nas\u0131l verilir?<br>Do\u011fal deliklerden \u00e7\u0131kan kanamalarda ilkyard\u0131m nas\u0131l yap\u0131l\u0131r?<br>Kanamalarda \u00fc\u00e7gen bandaj uygulamas\u0131 nas\u0131l yap\u0131l\u0131r?<\/p>\n\n\n\n<p>YARALANMALARDA \u0130LK YARDIM<\/p>\n\n\n\n<p>Yara nedir?<br>Ka\u00e7 \u00e7e\u015fit yara vard\u0131r?<br>Yaralar\u0131n ortak belirtileri nelerdir?<br>Yaralanmalarda ilkyard\u0131m nas\u0131l olmal\u0131d\u0131r?<br>Ciddi yaralanmalar nelerdir?<br>Ciddi yaralanmalarda ilkyard\u0131m nas\u0131l olmal\u0131d\u0131r?<br>Delici g\u00f6\u011f\u00fcs yaralanmalar\u0131nda ne gibi sorunlar g\u00f6r\u00fclebilir?<br>Delici g\u00f6\u011f\u00fcs yaralanmalar\u0131nda ilkyard\u0131m nas\u0131l olmal\u0131d\u0131r?<br>Delici kar\u0131n yaralanmalar\u0131nda ne gibi sorunlar olabilir?<br>Delici kar\u0131n yaralanmalar\u0131nda ilkyard\u0131m nas\u0131l olmal\u0131d\u0131r?<br>Kafatas\u0131 ve omurga yaralanmalar\u0131 neden \u00f6nemlidir?<br>Kafatas\u0131 yaralanmalar\u0131 \u00e7e\u015fitleri nelerdir?.<br>Kafatas\u0131 ve omurga yaralanmalar\u0131n\u0131n nedenleri nelerdir?<br>Kafatas\u0131 ve omurga yaralanmalar\u0131nda belirtiler nelerdir?<br>Kafatas\u0131 ve omurga yaralanmalar\u0131nda ilkyard\u0131m nas\u0131l olmal\u0131d\u0131r?<\/p>\n\n\n\n<p>YANIK, SICAK \u00c7ARPMASI VE DONMADA \u0130LK YARDIM<\/p>\n\n\n\n<p>Yan\u0131k nedir?<br>Ka\u00e7 \u00e7e\u015fit yan\u0131k vard\u0131r?<br>Yan\u0131\u011f\u0131n ciddiyetini belirleyen fakt\u00f6rler nelerdir?<br>Yan\u0131klar nas\u0131l derecelendirilir?<br>Yan\u0131\u011f\u0131n v\u00fccuttaki olumsuz etkileri nelerdir?<br>Is\u0131 ile olu\u015fan yan\u0131klarda ilkyard\u0131m i\u015flemleri nelerdir?<br>Kimyasal yan\u0131klarda ilkyard\u0131m nas\u0131l olmal\u0131d\u0131r?<br>Elektrik yan\u0131klar\u0131nda ilkyard\u0131m nas\u0131l olmal\u0131d\u0131r?<br>S\u0131cak \u00e7arpmas\u0131 belirtileri nelerdir?<br>S\u0131cak \u00e7arpmas\u0131nda ilkyard\u0131m nas\u0131l olmal\u0131d\u0131r?<br>S\u0131cak \u00e7arpmas\u0131nda risk gruplar\u0131 var m\u0131d\u0131r?<br>S\u0131cak \u00e7arpmas\u0131ndan korunmak i\u00e7in al\u0131nmas\u0131 gereken \u00f6nlemler nelerdir?<br>Donuk belirtileri nelerdir?<br>Donukta ilkyard\u0131m nas\u0131l olmal\u0131d\u0131r?<\/p>\n\n\n\n<p>KIRIK, \u00c7IKIK VE BURKULMALARDA \u0130LK YARDIM<\/p>\n\n\n\n<p>K\u0131r\u0131k nedir?<br>Ka\u00e7 \u00e7e\u015fit k\u0131r\u0131k vard\u0131r?<br>K\u0131r\u0131k belirtileri nelerdir?<br>K\u0131r\u0131\u011f\u0131n yol a\u00e7abilece\u011fi olumsuz durumlar nelerdir?<br>K\u0131r\u0131klarda ilkyard\u0131m nas\u0131l olmal\u0131d\u0131r?<br>Burkulma nedir?<br>Burkulma belirtileri nelerdir?<br>Burkulmada ilkyard\u0131m nas\u0131l olmal\u0131d\u0131r?<br>\u00c7\u0131k\u0131k nedir?<br>\u00c7\u0131k\u0131k belirtileri nelerdir?<br>\u00c7\u0131k\u0131kta ilkyard\u0131m nas\u0131l olmal\u0131d\u0131r?<br>K\u0131r\u0131k \u00e7\u0131k\u0131k ve burkulmalarda tespit nas\u0131l olmal\u0131d\u0131r?<br>Tespit s\u0131ras\u0131nda dikkat edilmesi gereken hususlar nelerdir?<br>Tespit y\u00f6ntemleri nelerdir?<\/p>\n\n\n\n<p>B\u0130L\u0130N\u00c7 BOZUKLUKLARINDA \u0130LK YARDIM<\/p>\n\n\n\n<p>Bilin\u00e7 bozuklu\u011fu\/ bilin\u00e7 kayb\u0131 nedir?<br>Bilin\u00e7 kayb\u0131 nedenleri nelerdir?<br>Bilin\u00e7 bozuklu\u011fu belirtileri nelerdir?<br>Bilin\u00e7 bozuklu\u011fu durumunda ilkyard\u0131m nas\u0131l olmal\u0131d\u0131r?<br>Koma pozisyonu (yar\u0131 y\u00fcz\u00fckoyun-yan pozisyon) nas\u0131l verilir?<br>Havale nedir?<br>Havale nedenleri nelerdir?<br>Nedenlerine g\u00f6re havale \u00e7e\u015fitleri nelerdir?<br>Ate\u015f nedeniyle olu\u015fan havale nedir?<br>Ate\u015f nedeniyle olu\u015fan havalede ilkyard\u0131m nas\u0131l olmal\u0131d\u0131r?<br>Sara krizi (=Epilepsi) nedir?<br>Sara krizinin belirtileri nelerdir?<br>Sara krizinde ilkyard\u0131m nas\u0131l olmal\u0131d\u0131r?<br>Kan \u015fekeri d\u00fc\u015f\u00fckl\u00fc\u011f\u00fc nedir?<br>Kan \u015fekeri d\u00fc\u015fmesinin nedenleri nelerdir?<br>Kan \u015fekeri aniden d\u00fc\u015ft\u00fc\u011f\u00fcnde hangi belirtiler g\u00f6r\u00fcl\u00fcr?<br>Kan \u015fekeri d\u00fc\u015f\u00fckl\u00fc\u011f\u00fc uzun s\u00fcrede olu\u015fursa hangi belirtiler g\u00f6r\u00fcl\u00fcr?<br>Kan \u015fekeri d\u00fc\u015fmesinde ilkyard\u0131m nas\u0131l olmal\u0131d\u0131r?<br>G\u00f6\u011f\u00fcste kuvvetli a\u011fr\u0131 nedenleri nelerdir?<br>G\u00f6\u011f\u00fcste kuvvetli a\u011fr\u0131 belirtiler nelerdir?<br>Kalp Spazm\u0131 (Angina Pectoris) belirtileri nelerdir?<br>Kalp Krizi (Miyokart Enfarkt\u00fcs\u00fc) belirtileri nelerdir?<\/p>\n\n\n\n<p>ZEH\u0130RLENMELERDE \u0130LK YARDIM<\/p>\n\n\n\n<p>Zehirlenme nedir?<br>Zehirlenme hangi yollarla meydana gelir?<br>Zehirlenmelerde genel belirtiler nelerdir?<br>Sindirim yoluyla zehirlenmede ilkyard\u0131m nas\u0131l olmal\u0131d\u0131r?<br>Solunum yolu ile zehirlenmelerde ilkyard\u0131m nas\u0131l olmal\u0131d\u0131r?<br>\u015eofben kazalar\u0131<br>\u015eofben kazalar\u0131nda ilkyard\u0131m<br>Al\u0131nmas\u0131 gereken \u00f6nlemler<br>Karbon monoksit zehirlenmesi<br>Karbon monoksit zehirlenmesinde belirtiler<br>Karbon monoksit zehirlenmesinde ilkyard\u0131m<br>Cilt yolu ile zehirlenmelerde ilkyard\u0131m nas\u0131l olmal\u0131d\u0131r?<br>Zehirlenmelerde genel ilkyard\u0131m kurallar\u0131 nelerdir?<\/p>\n\n\n\n<p>HAYVAN ISIRMALARINDA \u0130LK YARDIM<\/p>\n\n\n\n<p>Kedi-k\u00f6pek gibi hayvan \u0131s\u0131rmalar\u0131nda ilkyard\u0131m nas\u0131l olmal\u0131d\u0131r?<br>Ar\u0131 sokmalar\u0131n\u0131n belirtileri nelerdir?<br>Ar\u0131 sokmalar\u0131nda ilkyard\u0131m nas\u0131l olmal\u0131d\u0131r?<br>Akrep sokmalar\u0131n\u0131n belirtileri nelerdir?<br>Akrep sokmalar\u0131nda ilkyard\u0131m nas\u0131l olmal\u0131d\u0131r?<br>Y\u0131lan sokmalar\u0131n\u0131n belirtileri nelerdir?<br>Y\u0131lan sokmalar\u0131nda ilkyard\u0131m nas\u0131l olmal\u0131d\u0131r?<br>Deniz canl\u0131lar\u0131 sokmas\u0131nda belirtiler nelerdir?<br>Deniz canl\u0131lar\u0131 sokmas\u0131nda ilkyard\u0131m nas\u0131l olmal\u0131d\u0131r?<\/p>\n\n\n\n<p>G\u00d6Z, KULAK VE BURUNA YABANCI C\u0130S\u0130M KA\u00c7MASINDA \u0130LK YARDIM<\/p>\n\n\n\n<p>G\u00f6ze yabanc\u0131 cisim ka\u00e7mas\u0131nda ilkyard\u0131m nas\u0131l olmal\u0131d\u0131r?<br>Kula\u011fa yabanc\u0131 cisim ka\u00e7mas\u0131nda ilkyard\u0131m nas\u0131l olmal\u0131d\u0131r?<br>Buruna yabanc\u0131 cisim ka\u00e7mas\u0131nda ilkyard\u0131m nas\u0131l olmal\u0131d\u0131r?<\/p>\n\n\n\n<p>BO\u011eULMALARDA \u0130LK YARDIM<\/p>\n\n\n\n<p>Bo\u011fulma nedir?<br>Bo\u011fulma nedenleri nelerdir?<br>Bo\u011fulmalarda genel belirtiler nelerdir?<br>Bo\u011fulmalarda genel ilkyard\u0131m i\u015flemleri ne olmal\u0131d\u0131r?<\/p>\n\n\n\n<p>HASTA\/YARALI TA\u015eIMA TEKN\u0130KLER\u0130<\/p>\n\n\n\n<p>Hasta\/yaral\u0131 ta\u015f\u0131nmas\u0131nda genel kurallar nelerdir?<br>Acil ta\u015f\u0131ma teknikleri nelerdir?<br>S\u00fcr\u00fckleme y\u00f6ntemleri nelerdir?<br>Ara\u00e7 i\u00e7indeki yaral\u0131y\u0131 ta\u015f\u0131ma (RENTEK Manevras\u0131) y\u00f6ntemi<br>K\u0131sa mesafede s\u00fcratli ta\u015f\u0131ma teknikleri nelerdir?<br>Sedye \u00fczerine yerle\u015ftirme teknikleri nelerdir?<br>Sedye ile ta\u015f\u0131ma teknikleri nelerdir?<\/p>\n","protected":false},"excerpt":{"rendered":"<p>E\u011fitim merkezimiz, Sa\u011fl\u0131k Bakanl\u0131\u011f\u0131 onayl\u0131 sertifika vermektedir. Talep halinde ve yer g\u00f6sterilirse, sertifikaland\u0131r\u0131lacak personelin \u00e7al\u0131\u015ft\u0131\u011f\u0131 kurum ve kurulu\u015flarda da e\u011fitim verilebilmektedir. Sa\u011fl\u0131k Bakanl\u0131\u011f\u0131 sertifikal\u0131 e\u011fitimcilerimizce uygulanacak 16 saatlik teorik ve uygulamal\u0131 e\u011fitim sonunda kurumumuzun Sa\u011fl\u0131k Bakanl\u0131\u011f\u0131 yetkililerinin g\u00f6zetiminde yapaca\u011f\u0131 teorik ve pratik s\u0131navlarda ba\u015far\u0131l\u0131 olan herkes, SA\u011eLIK BAKANLI\u011eI ONAYLI SERT\u0130F\u0130KA SAH\u0130B\u0130 \u0130LKYARDIMCI olabilir. E\u011fitim sonunda [&hellip;]<\/p>\n","protected":false},"author":1,"featured_media":0,"parent":0,"menu_order":0,"comment_status":"closed","ping_status":"closed","template":"","meta":{"footnotes":""},"class_list":["post-58","page","type-page","status-publish","hentry"],"blocksy_meta":[],"_links":{"self":[{"href":"http:\/\/www.samsunilkyardim.com\/index.php\/wp-json\/wp\/v2\/pages\/58","targetHints":{"allow":["GET"]}}],"collection":[{"href":"http:\/\/www.samsunilkyardim.com\/index.php\/wp-json\/wp\/v2\/pages"}],"about":[{"href":"http:\/\/www.samsunilkyardim.com\/index.php\/wp-json\/wp\/v2\/types\/page"}],"author":[{"embeddable":true,"href":"http:\/\/www.samsunilkyardim.com\/index.php\/wp-json\/wp\/v2\/users\/1"}],"replies":[{"embeddable":true,"href":"http:\/\/www.samsunilkyardim.com\/index.php\/wp-json\/wp\/v2\/comments?post=58"}],"version-history":[{"count":1,"href":"http:\/\/www.samsunilkyardim.com\/index.php\/wp-json\/wp\/v2\/pages\/58\/revisions"}],"predecessor-version":[{"id":59,"href":"http:\/\/www.samsunilkyardim.com\/index.php\/wp-json\/wp\/v2\/pages\/58\/revisions\/59"}],"wp:attachment":[{"href":"http:\/\/www.samsunilkyardim.com\/index.php\/wp-json\/wp\/v2\/media?parent=58"}],"curies":[{"name":"wp","href":"https:\/\/api.w.org\/{rel}","templated":true}]}}