{"id":88,"date":"2026-05-10T13:56:35","date_gmt":"2026-05-10T13:56:35","guid":{"rendered":"https:\/\/www.samsunilkyardim.com\/?page_id=88"},"modified":"2026-05-11T00:25:43","modified_gmt":"2026-05-11T00:25:43","slug":"ana-sayfa","status":"publish","type":"page","link":"https:\/\/www.samsunilkyardim.com\/","title":{"rendered":""},"content":{"rendered":"\n<div class=\"wp-block-group alignfull has-palette-color-8-color has-palette-color-3-background-color has-text-color has-background has-link-color wp-elements-97e04440bcd224bd3bc806002ce7e8a8 is-content-justification-center is-layout-constrained wp-container-core-group-is-layout-95dc30ae wp-block-group-is-layout-constrained\" style=\"margin-top:var(--wp--preset--spacing--80);margin-bottom:var(--wp--preset--spacing--80);padding-top:78px;padding-right:80px;padding-bottom:78px;padding-left:80px\">\n<h5 class=\"wp-block-heading has-text-align-center has-palette-color-8-color has-text-color has-link-color wp-elements-365a66f5493d1b9706edca8d2c64c8b4\">Samsun \u0130lkyard\u0131m E\u011fitim Merkezi, 15 y\u0131ll\u0131k ge\u00e7mi\u015fi, y\u00fczlerce kurum\/kurulu\u015fa verdi\u011fi e\u011fitimler (Bkz. REFERANSLARIMIZ) ve yakla\u015f\u0131k 25.000 sertifikal\u0131 ilkyard\u0131mc\u0131s\u0131 ile Karadeniz B\u00f6lgesi\u2019nin en birikimli ve en b\u00fcy\u00fck ilkyard\u0131m e\u011fitim merkezidir.<\/h5>\n<\/div>\n\n\n\n<div class=\"wp-block-columns has-palette-color-8-background-color has-background is-layout-flex wp-container-core-columns-is-layout-08797f64 wp-block-columns-is-layout-flex\" style=\"border-style:none;border-width:0px;padding-top:25px;padding-right:25px;padding-bottom:25px;padding-left:25px\">\n<div class=\"wp-block-column is-layout-flow wp-block-column-is-layout-flow\">\n<p class=\"has-text-align-center\"><strong>Yetki Belgelerimiz<\/strong><\/p>\n\n\n\n<p class=\"has-text-align-center\">E\u011fitimlerimizi sa\u011fl\u0131k alan\u0131nda faaliyet g\u00f6steren uzman kadromuzla beraber, gerekli sertifikalar \u00e7er\u00e7evesinde en iyi \u015fekilde veriyoruz.<\/p>\n\n\n\n<div class=\"wp-block-buttons is-content-justification-center is-layout-flex wp-container-core-buttons-is-layout-a89b3969 wp-block-buttons-is-layout-flex\">\n<div class=\"wp-block-button\"><a class=\"wp-block-button__link wp-element-button\" href=\"https:\/\/www.samsunilkyardim.com\/index.php\/yetki-belgelerimiz\/\" style=\"border-top-left-radius:10px;border-top-right-radius:10px;border-bottom-left-radius:10px;border-bottom-right-radius:10px\">YETK\u0130 BELGELER\u0130M\u0130Z\u0130 G\u00d6R\u00dcN<\/a><\/div>\n<\/div>\n\n\n\n<p><\/p>\n<\/div>\n\n\n\n<div class=\"wp-block-column is-layout-flow wp-block-column-is-layout-flow\">\n<p class=\"has-text-align-center\"><strong>Referanslar\u0131m\u0131z<\/strong><\/p>\n\n\n\n<p class=\"has-text-align-center\">Verdi\u011fimiz e\u011fitimlerle sekt\u00f6r\u00fcnde ses getirmi\u015f t\u00fcm firmalar\u0131n kurum i\u00e7in g\u00fcvenli\u011fine katk\u0131da bulunuyoruz.<\/p>\n\n\n\n<div class=\"wp-block-buttons is-content-justification-center is-layout-flex wp-container-core-buttons-is-layout-a89b3969 wp-block-buttons-is-layout-flex\">\n<div class=\"wp-block-button\"><a class=\"wp-block-button__link wp-element-button\" href=\"https:\/\/www.samsunilkyardim.com\/index.php\/referanslarimiz\/\" style=\"border-style:none;border-width:0px;border-top-left-radius:10px;border-top-right-radius:10px;border-bottom-left-radius:10px;border-bottom-right-radius:10px\">REFERANSLARIMIZI G\u00d6R\u00dcN<\/a><\/div>\n<\/div>\n<\/div>\n<\/div>\n\n\n\n<p><\/p>\n","protected":false},"excerpt":{"rendered":"<p>Samsun \u0130lkyard\u0131m E\u011fitim Merkezi, 15 y\u0131ll\u0131k ge\u00e7mi\u015fi, y\u00fczlerce kurum\/kurulu\u015fa verdi\u011fi e\u011fitimler (Bkz. REFERANSLARIMIZ) ve yakla\u015f\u0131k 25.000 sertifikal\u0131 ilkyard\u0131mc\u0131s\u0131 ile Karadeniz B\u00f6lgesi\u2019nin en birikimli ve en b\u00fcy\u00fck ilkyard\u0131m e\u011fitim merkezidir. Yetki Belgelerimiz E\u011fitimlerimizi sa\u011fl\u0131k alan\u0131nda faaliyet g\u00f6steren uzman kadromuzla beraber, gerekli sertifikalar \u00e7er\u00e7evesinde en iyi \u015fekilde veriyoruz. Referanslar\u0131m\u0131z Verdi\u011fimiz e\u011fitimlerle sekt\u00f6r\u00fcnde ses getirmi\u015f t\u00fcm firmalar\u0131n kurum [&hellip;]<\/p>\n","protected":false},"author":1,"featured_media":0,"parent":0,"menu_order":0,"comment_status":"closed","ping_status":"closed","template":"","meta":{"footnotes":""},"class_list":["post-88","page","type-page","status-publish","hentry"],"blocksy_meta":{"has_hero_section":"enabled","page_structure_type":"default","hero_margin":"4px","pageTitleFont":{"family":"Inter","variation":"n4","size":"30px","line-height":"CT_CSS_SKIP_RULE","letter-spacing":"CT_CSS_SKIP_RULE","text-transform":"CT_CSS_SKIP_RULE","text-decoration":"CT_CSS_SKIP_RULE"},"pageExcerptFont":{"family":"Inter","variation":"n4","size":"CT_CSS_SKIP_RULE","line-height":"CT_CSS_SKIP_RULE","letter-spacing":"CT_CSS_SKIP_RULE","text-transform":"CT_CSS_SKIP_RULE","text-decoration":"CT_CSS_SKIP_RULE"},"styles_descriptor":{"styles":{"desktop":"[data-prefix=\"single_page\"] .entry-header .page-title {--theme-font-family:Inter, Sans-Serif;--theme-font-weight:400;--theme-font-size:30px;} [data-prefix=\"single_page\"] .entry-header .entry-meta {--theme-font-weight:600;--theme-text-transform:uppercase;--theme-font-size:12px;--theme-line-height:1.3;} [data-prefix=\"single_page\"] .entry-header .page-description {--theme-font-family:Inter, Sans-Serif;--theme-font-weight:400;} [data-prefix=\"single_page\"] .hero-section[data-type=\"type-2\"] {background-color:var(--theme-palette-color-6);background-image:none;--container-padding:50px 0px;}","tablet":"","mobile":""},"google_fonts":{"Inter":["n4","n6"]},"version":6},"hero_elements":[{"id":"custom_title","enabled":true,"heading_tag":"h1","title":"Home","__id":"_4VPKjmQ9vI8wUCeOzVll"},{"id":"custom_description","enabled":true,"description_visibility":{"desktop":true,"tablet":true,"mobile":false},"__id":"or4nQJTErTA61UD4D0T8-"},{"id":"custom_meta","enabled":false,"meta_elements":[{"id":"author","enabled":true,"label":"By","has_author_avatar":"yes","avatar_size":25},{"id":"post_date","enabled":true,"label":"On","date_format_source":"default","date_format":"M j, Y"},{"id":"updated_date","enabled":false,"label":"On","date_format_source":"default","date_format":"M j, Y"},{"id":"categories","enabled":false,"label":"In","style":"simple"},{"id":"comments","enabled":true}],"page_meta_elements":{"joined":true,"articles_count":true,"comments":true},"__id":"r71wlI1yebZOAW1eJXVVz"},{"id":"breadcrumbs","enabled":false,"__id":"cAvOC4pEN3pJWI03YDiyI"}],"hero_section":"type-2","disable_header":"no","content_style_source":"inherit","disable_featured_image":"no"},"_links":{"self":[{"href":"https:\/\/www.samsunilkyardim.com\/index.php\/wp-json\/wp\/v2\/pages\/88","targetHints":{"allow":["GET"]}}],"collection":[{"href":"https:\/\/www.samsunilkyardim.com\/index.php\/wp-json\/wp\/v2\/pages"}],"about":[{"href":"https:\/\/www.samsunilkyardim.com\/index.php\/wp-json\/wp\/v2\/types\/page"}],"author":[{"embeddable":true,"href":"https:\/\/www.samsunilkyardim.com\/index.php\/wp-json\/wp\/v2\/users\/1"}],"replies":[{"embeddable":true,"href":"https:\/\/www.samsunilkyardim.com\/index.php\/wp-json\/wp\/v2\/comments?post=88"}],"version-history":[{"count":17,"href":"https:\/\/www.samsunilkyardim.com\/index.php\/wp-json\/wp\/v2\/pages\/88\/revisions"}],"predecessor-version":[{"id":155,"href":"https:\/\/www.samsunilkyardim.com\/index.php\/wp-json\/wp\/v2\/pages\/88\/revisions\/155"}],"wp:attachment":[{"href":"https:\/\/www.samsunilkyardim.com\/index.php\/wp-json\/wp\/v2\/media?parent=88"}],"curies":[{"name":"wp","href":"https:\/\/api.w.org\/{rel}","templated":true}]}}